{"id":711,"date":"2017-10-26T23:31:50","date_gmt":"2017-10-26T21:31:50","guid":{"rendered":"http:\/\/carlsbadaqua.com\/cs\/?page_id=711"},"modified":"2023-11-28T22:17:41","modified_gmt":"2023-11-28T21:17:41","slug":"obchod","status":"publish","type":"page","link":"https:\/\/www.carlsbadaqua.com\/cs\/obchod\/","title":{"rendered":"obchod"},"content":{"rendered":"<p>[vc_row row_fullwidth=&#8220;1&#8243; row_zero_column_space=&#8220;1&#8243; css=&#8220;.vc_custom_1508330607005{background-color: #fffbe5 !important;}&#8220;][vc_column width=&#8220;2\/12&#8243;][\/vc_column][vc_column width=&#8220;8\/12&#8243; css=&#8220;.vc_custom_1506792715619{margin-top: 10% !important;}&#8220;][vc_column_text]<\/p>\n<p style=\"text-align: center; font-size: 70px; font-family: cambria; color: #67635f;\">CARLSBAD AQUA<\/p>\n<p><img decoding=\"async\" loading=\"lazy\" class=\"wp-image-183 size-full aligncenter\" src=\"http:\/\/carlsbadaqua.com\/wp-content\/uploads\/2017\/09\/vlnovky-ABOUT.png\" alt=\"\" width=\"213\" height=\"32\" \/><\/p>\n<p style=\"text-align: center; font-size: 20px; font-family: cambria; color: #67635f;\">Sv\u00ed\u010dka Carlsbad Aqua je ide\u00e1ln\u00edm d\u00e1rkem z Karlov\u00fdch Var\u016f<\/p>\n<p>[\/vc_column_text][vc_row_inner][vc_column_inner width=&#8220;1\/2&#8243;][vc_column_text]<img decoding=\"async\" loading=\"lazy\" class=\"aligncenter wp-image-243 size-full\" src=\"http:\/\/carlsbadaqua.com\/wp-content\/uploads\/2017\/09\/2_svicka.jpg\" alt=\"\" width=\"618\" height=\"787\" srcset=\"https:\/\/www.carlsbadaqua.com\/wp-content\/uploads\/2017\/09\/2_svicka.jpg 618w, https:\/\/www.carlsbadaqua.com\/wp-content\/uploads\/2017\/09\/2_svicka-236x300.jpg 236w\" sizes=\"(max-width: 618px) 100vw, 618px\" \/><\/p>\n<p style=\"text-align: center;\"><span style=\"font-size: 20px; font-family: cambria; color: #67635f;\">B\u00cdL\u00c1<\/span><br \/>\n<span style=\"text-align: center; font-size: 20px; font-family: cambria; color: #67635f;\"><em>Slonov\u00e1 kost<\/em><\/span><br \/>\n<span style=\"text-align: center; font-size: 20px; font-family: cambria; color: #67635f;\">Cena sv\u00ed\u010dky je 29 eur \/ 790 czk<\/span><\/p>\n<p>[\/vc_column_text]<p class=\"product woocommerce add_to_cart_inline \" style=\"border:4px solid #ccc; padding: 12px;\"><span class=\"woocommerce-Price-amount amount\"><bdi>29<span class=\"woocommerce-Price-currencySymbol\">&euro;<\/span><\/bdi><\/span>\n\t\t<label class=\"screen-reader-text\" for=\"quantity_6a076c1c43d7b\">B\u00cdL\u00c1 mno\u017estv\u00ed<\/label>\n\t<input\n\t\ttype=\"number\"\n\t\t\t\tid=\"quantity_6a076c1c43d7b\"\n\t\tclass=\"input-text qty text\"\n\t\tname=\"product_id\"\n\t\tvalue=\"1\"\n\t\taria-label=\"Product quantity\"\n\t\tsize=\"4\"\n\t\tmin=\"0\"\n\t\tmax=\"\"\n\t\t\t\t\tstep=\"1\"\n\t\t\tplaceholder=\"\"\n\t\t\tinputmode=\"numeric\"\n\t\t\tautocomplete=\"off\"\n\t\t\t\/>\n\t\n<a rel=\"nofollow\" href=\"?add-to-cart=1642\" data-quantity=\"1\" data-product_id=\"1642\" data-product_sku=\"22\" class=\"button product_type_simple add_to_cart_button ajax_add_to_cart\">P\u0159idat do ko\u0161\u00edku<\/a><\/p>[\/vc_column_inner][vc_column_inner width=&#8220;1\/2&#8243;][vc_column_text]<img decoding=\"async\" loading=\"lazy\" class=\"aligncenter wp-image-244 size-full\" src=\"http:\/\/carlsbadaqua.com\/wp-content\/uploads\/2017\/09\/1_svicka.jpg\" alt=\"\" width=\"618\" height=\"787\" srcset=\"https:\/\/www.carlsbadaqua.com\/wp-content\/uploads\/2017\/09\/1_svicka.jpg 618w, https:\/\/www.carlsbadaqua.com\/wp-content\/uploads\/2017\/09\/1_svicka-236x300.jpg 236w\" sizes=\"(max-width: 618px) 100vw, 618px\" \/><\/p>\n<p style=\"text-align: center;\"><span style=\"font-size: 20px; font-family: cambria; color: #67635f;\">\u017dLUT\u00c1<\/span><br \/>\n<span style=\"text-align: center; font-size: 20px; font-family: cambria; color: #67635f;\"><em>Z\u00e1\u0159iv\u011b \u017elut\u00e1<\/em><\/span><br \/>\n<span style=\"text-align: center; font-size: 20px; font-family: cambria; color: #67635f;\">Cena sv\u00ed\u010dky je 29 eur \/ 790 czk<\/span><\/p>\n<p>[\/vc_column_text]<p class=\"product woocommerce add_to_cart_inline \" style=\"border:4px solid #ccc; padding: 12px;\"><span class=\"woocommerce-Price-amount amount\"><bdi>29<span class=\"woocommerce-Price-currencySymbol\">&euro;<\/span><\/bdi><\/span>\n\t\t<label class=\"screen-reader-text\" for=\"quantity_6a076c1c44bf8\">\u017dLUT\u00c1 mno\u017estv\u00ed<\/label>\n\t<input\n\t\ttype=\"number\"\n\t\t\t\tid=\"quantity_6a076c1c44bf8\"\n\t\tclass=\"input-text qty text\"\n\t\tname=\"product_id\"\n\t\tvalue=\"1\"\n\t\taria-label=\"Product quantity\"\n\t\tsize=\"4\"\n\t\tmin=\"0\"\n\t\tmax=\"\"\n\t\t\t\t\tstep=\"1\"\n\t\t\tplaceholder=\"\"\n\t\t\tinputmode=\"numeric\"\n\t\t\tautocomplete=\"off\"\n\t\t\t\/>\n\t\n<a rel=\"nofollow\" href=\"?add-to-cart=1641\" data-quantity=\"1\" data-product_id=\"1641\" data-product_sku=\"21\" class=\"button product_type_simple add_to_cart_button ajax_add_to_cart\">P\u0159idat do ko\u0161\u00edku<\/a><\/p>[\/vc_column_inner][\/vc_row_inner][vc_row_inner][vc_column_inner width=&#8220;1\/3&#8243;][\/vc_column_inner][vc_column_inner width=&#8220;1\/3&#8243;][vc_empty_space height=&#8220;64px&#8220;]<div class=\" ubtn-ctn-center \"><a class=\"ubtn-link ult-adjust-bottom-margin ubtn-center ubtn-normal \" href=\"http:\/\/www.carlsbadaqua.com\/cs\/objednavka\/\" ><button type=\"button\" id=\"ubtn-8386\"  class=\"ubtn ult-adjust-bottom-margin ult-responsive ubtn-normal ubtn-no-hover-bg  none  ubtn-center   tooltip-6a076c1c44e37\"  data-hover=\"#ffffff\" data-border-color=\"#cec2ab\" data-bg=\"\" data-hover-bg=\"#cec2ab\" data-border-hover=\"#cec2ab\" data-shadow-hover=\"\" data-shadow-click=\"none\" data-shadow=\"\" data-shd-shadow=\"\"  data-ultimate-target='#ubtn-8386'  data-responsive-json-new='{\"font-size\":\"\",\"line-height\":\"\"}'  style=\"font-weight:normal;border-radius:0px;border-width:2px;border-color:#cec2ab;border-style:solid;color: #cec2ab;\"><span class=\"ubtn-hover\" style=\"background-color:#cec2ab\"><\/span><span class=\"ubtn-data ubtn-text \" >OBJEDNAT<\/span><\/button><\/a><\/div>[\/vc_column_inner][vc_column_inner width=&#8220;1\/3&#8243;][\/vc_column_inner][\/vc_row_inner][\/vc_column][vc_column width=&#8220;2\/12&#8243;][\/vc_column][\/vc_row][vc_row full_height=&#8220;yes&#8220; row_fullwidth=&#8220;1&#8243; css=&#8220;.vc_custom_1506793663739{background-image: url(http:\/\/carlsbadaqua.com\/wp-content\/uploads\/2017\/09\/vintage-eshop.jpg?id=238) !important;background-position: center !important;background-repeat: no-repeat !important;background-size: cover !important;}&#8220; row_min_height=&#8220;1218&#8243;][vc_column width=&#8220;1\/3&#8243;][\/vc_column][vc_column width=&#8220;1\/3&#8243;][vc_column_text]<img decoding=\"async\" loading=\"lazy\" class=\"aligncenter size-medium wp-image-27\" src=\"http:\/\/carlsbadaqua.com\/wp-content\/uploads\/2017\/09\/1_kamzik-291x300.png\" alt=\"\" width=\"291\" height=\"300\" srcset=\"https:\/\/www.carlsbadaqua.com\/wp-content\/uploads\/2017\/09\/1_kamzik-291x300.png 291w, https:\/\/www.carlsbadaqua.com\/wp-content\/uploads\/2017\/09\/1_kamzik.png 442w\" sizes=\"(max-width: 291px) 100vw, 291px\" \/>[\/vc_column_text][\/vc_column][vc_column width=&#8220;1\/3&#8243;][\/vc_column][\/vc_row][vc_row css=&#8220;.vc_custom_1508240815969{padding-right: 10px !important;padding-left: 10px !important;background-image: url(http:\/\/carlsbadaqua.com\/wp-content\/uploads\/2017\/09\/pozadi.png?id=85) !important;}&#8220;][vc_column][vc_single_image image=&#8220;534&#8243; img_size=&#8220;full&#8220; alignment=&#8220;center&#8220; css=&#8220;.vc_custom_1508238589695{padding-top: 30px !important;}&#8220;][\/vc_column][\/vc_row][vc_row css=&#8220;.vc_custom_1506712470663{background-color: #000000 !important;}&#8220;][vc_column width=&#8220;2\/3&#8243; css=&#8220;.vc_custom_1506722853931{border-right-width: 1px !important;border-right-color: rgba(72,69,69,0.87) !important;border-right-style: solid !important;}&#8220;][vc_row_inner][vc_column_inner width=&#8220;1\/3&#8243; css=&#8220;.vc_custom_1506715101471{margin-top: 5% !important;}&#8220;][vc_single_image image=&#8220;106&#8243; img_size=&#8220;full&#8220;][\/vc_column_inner][vc_column_inner width=&#8220;1\/3&#8243; css=&#8220;.vc_custom_1506715112219{margin-top: 5% !important;}&#8220;][vc_column_text css=&#8220;.vc_custom_1701206256913{padding-top: 20% !important;}&#8220;]<\/p>\n<p style=\"text-align: center; font-size: 12px;\"><a href=\"http:\/\/carlsbadaqua.com\/cs\/podminky-a-ujednani\/\">PODM\u00cdNKY A UJEDN\u00c1N\u00cd<\/a><\/p>\n<p style=\"text-align: center; font-size: 12px;\"><a href=\"http:\/\/carlsbadaqua.com\/cs\/postovne\/\">PO\u0160TOVN\u00c9<\/a><\/p>\n<div style=\"text-align: center; padding-top: 30%;\"><a href=\"https:\/\/www.facebook.com\/Carlsbad-Aqua-1435676446650514\/\" target=\"_blank\" rel=\"noopener\"><img decoding=\"async\" loading=\"lazy\" class=\"alignnone wp-image-107\" src=\"http:\/\/carlsbadaqua.com\/wp-content\/uploads\/2017\/09\/facebook.png\" alt=\"\" width=\"40\" height=\"41\" \/><\/a>\u00a0 \u00a0<a href=\"https:\/\/www.instagram.com\/carlsbad_aqua\/?igshid=OGQ5ZDc2ODk2ZA%3D%3D\"><img decoding=\"async\" loading=\"lazy\" class=\"alignnone wp-image-108\" src=\"http:\/\/carlsbadaqua.com\/wp-content\/uploads\/2017\/09\/instagram.png\" alt=\"\" width=\"40\" height=\"41\" \/><\/a><\/div>\n<p>[\/vc_column_text][\/vc_column_inner][vc_column_inner width=&#8220;1\/3&#8243; css=&#8220;.vc_custom_1506715119431{margin-top: 5% !important;}&#8220;][vc_column_text css=&#8220;.vc_custom_1509057772729{padding-top: 20% !important;}&#8220;]<\/p>\n<p style=\"font-size: 12px; text-align: left;\"><a href=\"http:\/\/carlsbadaqua.com\/cs\/patentovano\/\">PATENTOV\u00c1NO<\/a><\/p>\n<p style=\"font-size: 12px; text-align: left;\"><a href=\"http:\/\/carlsbadaqua.com\/cs\/kontakty\/\">KONTAKTY<\/a><\/p>\n<p>[\/vc_column_text][\/vc_column_inner][\/vc_row_inner][\/vc_column][\/vc_row][vc_row row_fullwidth=&#8220;1&#8243; row_zero_column_space=&#8220;1&#8243; css=&#8220;.vc_custom_1506721888044{border-top-width: 1px !important;background-color: #000000 !important;border-top-color: #b49169 !important;}&#8220;][vc_column css=&#8220;.vc_custom_1506721786424{margin-top: 5% !important;}&#8220;][vc_column_text css=&#8220;.vc_custom_1508416905564{border-top-width: 1px !important;border-top-color: #b49169 !important;}&#8220;]<\/p>\n<p style=\"text-align: center;\"><span style=\"font-size: 12px; color: #ffffff;\">\u00a9 Copyright 2017. Carlsbad Aqua. All right reserved. Branding &amp; Website by G&amp;H<\/span><\/p>\n<p>[\/vc_column_text][\/vc_column][\/vc_row]<\/p>\n","protected":false},"excerpt":{"rendered":"<p>[vc_row row_fullwidth=&#8220;1&#8243; row_zero_column_space=&#8220;1&#8243; css=&#8220;.vc_custom_1508330607005{background-color: #fffbe5 !important;}&#8220;][vc_column width=&#8220;2\/12&#8243;][\/vc_column][vc_column width=&#8220;8\/12&#8243; css=&#8220;.vc_custom_1506792715619{margin-top: 10% !important;}&#8220;][vc_column_text] CARLSBAD AQUA Sv\u00ed\u010dka Carlsbad Aqua je ide\u00e1ln\u00edm d\u00e1rkem z Karlov\u00fdch Var\u016f [\/vc_column_text][vc_row_inner][vc_column_inner width=&#8220;1\/2&#8243;][vc_column_text] B\u00cdL\u00c1 Slonov\u00e1 kost Cena sv\u00ed\u010dky je [&hellip;]<\/p>\n","protected":false},"author":1,"featured_media":0,"parent":0,"menu_order":0,"comment_status":"closed","ping_status":"closed","template":"","meta":{"footnotes":""},"_links":{"self":[{"href":"https:\/\/www.carlsbadaqua.com\/cs\/wp-json\/wp\/v2\/pages\/711\/"}],"collection":[{"href":"https:\/\/www.carlsbadaqua.com\/cs\/wp-json\/wp\/v2\/pages\/"}],"about":[{"href":"https:\/\/www.carlsbadaqua.com\/cs\/wp-json\/wp\/v2\/types\/page\/"}],"author":[{"embeddable":true,"href":"https:\/\/www.carlsbadaqua.com\/cs\/wp-json\/wp\/v2\/users\/1\/"}],"replies":[{"embeddable":true,"href":"https:\/\/www.carlsbadaqua.com\/cs\/wp-json\/wp\/v2\/comments\/?post=711"}],"version-history":[{"count":1,"href":"https:\/\/www.carlsbadaqua.com\/cs\/wp-json\/wp\/v2\/pages\/711\/revisions\/"}],"predecessor-version":[{"id":2483,"href":"https:\/\/www.carlsbadaqua.com\/cs\/wp-json\/wp\/v2\/pages\/711\/revisions\/2483\/"}],"wp:attachment":[{"href":"https:\/\/www.carlsbadaqua.com\/cs\/wp-json\/wp\/v2\/media\/?parent=711"}],"curies":[{"name":"wp","href":"https:\/\/api.w.org\/{rel}","templated":true}]}}