{"id":1150,"date":"2017-10-27T22:34:41","date_gmt":"2017-10-27T20:34:41","guid":{"rendered":"http:\/\/carlsbadaqua.com\/uber\/"},"modified":"2023-11-28T21:57:15","modified_gmt":"2023-11-28T20:57:15","slug":"uber","status":"publish","type":"page","link":"https:\/\/www.carlsbadaqua.com\/de\/uber\/","title":{"rendered":"\u00dcber"},"content":{"rendered":"<p>[vc_row row_fullwidth=&#8220;1&#8243; row_fullheight=&#8220;1&#8243; css=&#8220;.vc_custom_1507133660331{background-color: #fffee2 !important;}&#8220;][vc_column width=&#8220;2\/12&#8243;][\/vc_column][vc_column width=&#8220;8\/12&#8243;][vc_column_text css=&#8220;.vc_custom_1509986261107{padding-top: 10% !important;}&#8220;]<\/p>\n<p style=\"text-align: center; font-size: 70px; font-family: cambria; color: #67635f;\">HANDARBEIT<\/p>\n<p><img decoding=\"async\" loading=\"lazy\" class=\"wp-image-183 size-full aligncenter\" src=\"http:\/\/carlsbadaqua.com\/wp-content\/uploads\/2017\/09\/vlnovky-ABOUT.png\" alt=\"\" width=\"213\" height=\"32\" \/><\/p>\n<p style=\"text-align: center; font-size: 20px; font-family: cambria; color: #67635f;\"><em>Der Beginn der Marke Carlsbad Aqua l\u00e4sst sich auf das Jahr 1999 zur\u00fcckdatieren, als ein kleiner Familienmanufakturbetrieb im Herzen Karlsbads entstand. Bereits von Anfang an legten wir besonderen Wert auf die hundertprozentige Handfertigung sowie eine sorgf\u00e4ltige Einhaltung der alten Rezeptur, die das Karlsbader Heilwasser aus den Sprudelquellen als eine der wichtigsten Ingredienzen f\u00fcr die Herstellung nutzt.<\/em><\/p>\n<p>[\/vc_column_text]\n\t\t\t<!-- START VYROBADE REVOLUTION SLIDER 6.1.8 --><p class=\"rs-p-wp-fix\"><\/p>\n\t\t\t<rs-module-wrap id=\"rev_slider_46_1_wrapper\" data-source=\"gallery\" style=\"background:transparent;padding:0;margin:0px auto;margin-top:0;margin-bottom:0;max-width:800\">\n\t\t\t\t<rs-module id=\"rev_slider_46_1\" style=\"display:none;\" data-version=\"6.1.8\">\n\t\t\t\t\t<rs-slides>\n\t\t\t\t\t\t<rs-slide data-key=\"rs-133\" data-title=\"Slide\" data-thumb=\"\/\/www.carlsbadaqua.com\/wp-content\/uploads\/2017\/10\/13A9446_1080_web-100x50.jpg\" data-anim=\"ei:d;eo:d;s:600;r:0;t:fade;sl:d;\">\n\t\t\t\t\t\t\t<img src=\"\/\/www.carlsbadaqua.com\/wp-content\/uploads\/2017\/10\/13A9446_1080_web.jpg\" title=\"\u00dcber\" class=\"rev-slidebg\" data-no-retina>\n<!--\n\t\t\t\t\t\t\t--><rs-layer\n\t\t\t\t\t\t\t\tid=\"slider-46-slide-133-layer-2\" \n\t\t\t\t\t\t\t\tclass=\"tp-shape tp-shapewrapper\"\n\t\t\t\t\t\t\t\tdata-type=\"shape\"\n\t\t\t\t\t\t\t\tdata-rsp_ch=\"on\"\n\t\t\t\t\t\t\t\tdata-xy=\"x:c;y:b;\"\n\t\t\t\t\t\t\t\tdata-text=\"a:inherit;\"\n\t\t\t\t\t\t\t\tdata-dim=\"w:100%;h:70px;\"\n\t\t\t\t\t\t\t\tdata-basealign=\"slide\"\n\t\t\t\t\t\t\t\tdata-frame_0=\"tp:600;\"\n\t\t\t\t\t\t\t\tdata-frame_1=\"tp:600;sR:10;\"\n\t\t\t\t\t\t\t\tdata-frame_999=\"o:0;tp:600;st:w;sR:690;\"\n\t\t\t\t\t\t\t\tstyle=\"z-index:5;background-color:rgba(0,0,0,0.7);\"\n\t\t\t\t\t\t\t> \n\t\t\t\t\t\t\t<\/rs-layer><!--\n\n\t\t\t\t\t\t\t--><rs-layer\n\t\t\t\t\t\t\t\tid=\"slider-46-slide-133-layer-1\" \n\t\t\t\t\t\t\t\tdata-type=\"text\"\n\t\t\t\t\t\t\t\tdata-color=\"#f2f2d8\"\n\t\t\t\t\t\t\t\tdata-rsp_ch=\"on\"\n\t\t\t\t\t\t\t\tdata-xy=\"x:100px;y:b;yo:30px;\"\n\t\t\t\t\t\t\t\tdata-text=\"s:20;l:22;a:inherit;\"\n\t\t\t\t\t\t\t\tdata-basealign=\"slide\"\n\t\t\t\t\t\t\t\tdata-frame_0=\"tp:600;\"\n\t\t\t\t\t\t\t\tdata-frame_1=\"tp:600;st:0;\"\n\t\t\t\t\t\t\t\tdata-frame_999=\"o:0;tp:600;st:w;sR:700;\"\n\t\t\t\t\t\t\t\tstyle=\"z-index:6;font-family:cambria;font-style:italic;\"\n\t\t\t\t\t\t\t>Gie\u00dfen in Form \n\t\t\t\t\t\t\t<\/rs-layer><!--\n-->\t\t\t\t\t\t<\/rs-slide>\n\t\t\t\t\t\t<rs-slide data-key=\"rs-130\" data-title=\"Slide\" data-thumb=\"\/\/www.carlsbadaqua.com\/wp-content\/uploads\/2017\/10\/13A9414_800_web-100x50.jpg\" data-anim=\"ei:d;eo:d;s:600;r:0;t:fade;sl:d;\">\n\t\t\t\t\t\t\t<img src=\"\/\/www.carlsbadaqua.com\/wp-content\/uploads\/2017\/10\/13A9414_800_web.jpg\" title=\"\u00dcber\" class=\"rev-slidebg\" data-no-retina>\n<!--\n\t\t\t\t\t\t\t--><rs-layer\n\t\t\t\t\t\t\t\tid=\"slider-46-slide-130-layer-2\" \n\t\t\t\t\t\t\t\tclass=\"tp-shape tp-shapewrapper\"\n\t\t\t\t\t\t\t\tdata-type=\"shape\"\n\t\t\t\t\t\t\t\tdata-rsp_ch=\"on\"\n\t\t\t\t\t\t\t\tdata-xy=\"x:c;y:b;\"\n\t\t\t\t\t\t\t\tdata-text=\"a:inherit;\"\n\t\t\t\t\t\t\t\tdata-dim=\"w:100%;h:70px;\"\n\t\t\t\t\t\t\t\tdata-basealign=\"slide\"\n\t\t\t\t\t\t\t\tdata-frame_0=\"tp:600;\"\n\t\t\t\t\t\t\t\tdata-frame_1=\"tp:600;sR:10;\"\n\t\t\t\t\t\t\t\tdata-frame_999=\"o:0;tp:600;st:w;sR:690;\"\n\t\t\t\t\t\t\t\tstyle=\"z-index:5;background-color:rgba(0,0,0,0.7);\"\n\t\t\t\t\t\t\t> \n\t\t\t\t\t\t\t<\/rs-layer><!--\n\n\t\t\t\t\t\t\t--><rs-layer\n\t\t\t\t\t\t\t\tid=\"slider-46-slide-130-layer-1\" \n\t\t\t\t\t\t\t\tdata-type=\"text\"\n\t\t\t\t\t\t\t\tdata-color=\"#f2f2d8\"\n\t\t\t\t\t\t\t\tdata-rsp_ch=\"on\"\n\t\t\t\t\t\t\t\tdata-xy=\"x:100px;y:b;yo:30px;\"\n\t\t\t\t\t\t\t\tdata-text=\"s:20;l:22;a:inherit;\"\n\t\t\t\t\t\t\t\tdata-basealign=\"slide\"\n\t\t\t\t\t\t\t\tdata-frame_0=\"tp:600;\"\n\t\t\t\t\t\t\t\tdata-frame_1=\"tp:600;st:0;\"\n\t\t\t\t\t\t\t\tdata-frame_999=\"o:0;tp:600;st:w;sR:700;\"\n\t\t\t\t\t\t\t\tstyle=\"z-index:6;font-family:cambria;font-style:italic;\"\n\t\t\t\t\t\t\t>Sorgf\u00e4ltiges L\u00f6sen der Kerze aus der Form \n\t\t\t\t\t\t\t<\/rs-layer><!--\n-->\t\t\t\t\t\t<\/rs-slide>\n\t\t\t\t\t\t<rs-slide data-key=\"rs-129\" data-title=\"Slide\" data-thumb=\"\/\/www.carlsbadaqua.com\/wp-content\/uploads\/2017\/10\/13A9422_1080_web-100x50.jpg\" data-anim=\"ei:d;eo:d;s:600;r:0;t:fade;sl:d;\">\n\t\t\t\t\t\t\t<img src=\"\/\/www.carlsbadaqua.com\/wp-content\/uploads\/2017\/10\/13A9422_1080_web.jpg\" title=\"\u00dcber\" class=\"rev-slidebg\" data-no-retina>\n<!--\n\t\t\t\t\t\t\t--><rs-layer\n\t\t\t\t\t\t\t\tid=\"slider-46-slide-129-layer-2\" \n\t\t\t\t\t\t\t\tclass=\"tp-shape tp-shapewrapper\"\n\t\t\t\t\t\t\t\tdata-type=\"shape\"\n\t\t\t\t\t\t\t\tdata-rsp_ch=\"on\"\n\t\t\t\t\t\t\t\tdata-xy=\"x:c;y:b;\"\n\t\t\t\t\t\t\t\tdata-text=\"a:inherit;\"\n\t\t\t\t\t\t\t\tdata-dim=\"w:100%;h:70px;\"\n\t\t\t\t\t\t\t\tdata-basealign=\"slide\"\n\t\t\t\t\t\t\t\tdata-frame_0=\"tp:600;\"\n\t\t\t\t\t\t\t\tdata-frame_1=\"tp:600;sR:10;\"\n\t\t\t\t\t\t\t\tdata-frame_999=\"o:0;tp:600;st:w;sR:690;\"\n\t\t\t\t\t\t\t\tstyle=\"z-index:5;background-color:rgba(0,0,0,0.7);\"\n\t\t\t\t\t\t\t> \n\t\t\t\t\t\t\t<\/rs-layer><!--\n\n\t\t\t\t\t\t\t--><rs-layer\n\t\t\t\t\t\t\t\tid=\"slider-46-slide-129-layer-1\" \n\t\t\t\t\t\t\t\tdata-type=\"text\"\n\t\t\t\t\t\t\t\tdata-color=\"#f2f2d8\"\n\t\t\t\t\t\t\t\tdata-rsp_ch=\"on\"\n\t\t\t\t\t\t\t\tdata-xy=\"x:100px;y:b;yo:30px;\"\n\t\t\t\t\t\t\t\tdata-text=\"s:20;l:22;a:inherit;\"\n\t\t\t\t\t\t\t\tdata-basealign=\"slide\"\n\t\t\t\t\t\t\t\tdata-frame_0=\"tp:600;\"\n\t\t\t\t\t\t\t\tdata-frame_1=\"tp:600;st:0;\"\n\t\t\t\t\t\t\t\tdata-frame_999=\"o:0;tp:600;st:w;sR:700;\"\n\t\t\t\t\t\t\t\tstyle=\"z-index:6;font-family:cambria;font-style:italic;\"\n\t\t\t\t\t\t\t>Kontrolle der Reliefzeichnung \n\t\t\t\t\t\t\t<\/rs-layer><!--\n-->\t\t\t\t\t\t<\/rs-slide>\n\t\t\t\t\t\t<rs-slide data-key=\"rs-128\" data-title=\"Slide\" data-thumb=\"\/\/www.carlsbadaqua.com\/wp-content\/uploads\/2017\/10\/13A9417_800_web-100x50.jpg\" data-anim=\"ei:d;eo:d;s:600;r:0;t:fade;sl:d;\">\n\t\t\t\t\t\t\t<img src=\"\/\/www.carlsbadaqua.com\/wp-content\/uploads\/2017\/10\/13A9417_800_web.jpg\" title=\"\u00dcber\" class=\"rev-slidebg\" data-no-retina>\n<!--\n\t\t\t\t\t\t\t--><rs-layer\n\t\t\t\t\t\t\t\tid=\"slider-46-slide-128-layer-2\" \n\t\t\t\t\t\t\t\tclass=\"tp-shape tp-shapewrapper\"\n\t\t\t\t\t\t\t\tdata-type=\"shape\"\n\t\t\t\t\t\t\t\tdata-rsp_ch=\"on\"\n\t\t\t\t\t\t\t\tdata-xy=\"x:c;y:b;\"\n\t\t\t\t\t\t\t\tdata-text=\"a:inherit;\"\n\t\t\t\t\t\t\t\tdata-dim=\"w:100%;h:70px;\"\n\t\t\t\t\t\t\t\tdata-basealign=\"slide\"\n\t\t\t\t\t\t\t\tdata-frame_0=\"tp:600;\"\n\t\t\t\t\t\t\t\tdata-frame_1=\"tp:600;sR:10;\"\n\t\t\t\t\t\t\t\tdata-frame_999=\"o:0;tp:600;st:w;sR:690;\"\n\t\t\t\t\t\t\t\tstyle=\"z-index:5;background-color:rgba(0,0,0,0.7);\"\n\t\t\t\t\t\t\t> \n\t\t\t\t\t\t\t<\/rs-layer><!--\n\n\t\t\t\t\t\t\t--><rs-layer\n\t\t\t\t\t\t\t\tid=\"slider-46-slide-128-layer-1\" \n\t\t\t\t\t\t\t\tdata-type=\"text\"\n\t\t\t\t\t\t\t\tdata-color=\"#f2f2d8\"\n\t\t\t\t\t\t\t\tdata-rsp_ch=\"on\"\n\t\t\t\t\t\t\t\tdata-xy=\"x:100px;y:b;yo:30px;\"\n\t\t\t\t\t\t\t\tdata-text=\"s:20;l:22;a:inherit;\"\n\t\t\t\t\t\t\t\tdata-basealign=\"slide\"\n\t\t\t\t\t\t\t\tdata-frame_0=\"tp:600;\"\n\t\t\t\t\t\t\t\tdata-frame_1=\"tp:600;st:0;\"\n\t\t\t\t\t\t\t\tdata-frame_999=\"o:0;tp:600;st:w;sR:700;\"\n\t\t\t\t\t\t\t\tstyle=\"z-index:6;font-family:cambria;font-style:italic;\"\n\t\t\t\t\t\t\t>Exakte K\u00fcrzung des Dochtes \n\t\t\t\t\t\t\t<\/rs-layer><!--\n-->\t\t\t\t\t\t<\/rs-slide>\n\t\t\t\t\t\t<rs-slide data-key=\"rs-127\" data-title=\"Slide\" data-thumb=\"\/\/www.carlsbadaqua.com\/wp-content\/uploads\/2017\/10\/13A9520_800_web-100x50.jpg\" data-anim=\"ei:d;eo:d;s:600;r:0;t:fade;sl:d;\">\n\t\t\t\t\t\t\t<img src=\"\/\/www.carlsbadaqua.com\/wp-content\/uploads\/2017\/10\/13A9520_800_web.jpg\" title=\"\u00dcber\" class=\"rev-slidebg\" data-no-retina>\n<!--\n\t\t\t\t\t\t\t--><rs-layer\n\t\t\t\t\t\t\t\tid=\"slider-46-slide-127-layer-2\" \n\t\t\t\t\t\t\t\tclass=\"tp-shape tp-shapewrapper\"\n\t\t\t\t\t\t\t\tdata-type=\"shape\"\n\t\t\t\t\t\t\t\tdata-rsp_ch=\"on\"\n\t\t\t\t\t\t\t\tdata-xy=\"x:c;y:b;\"\n\t\t\t\t\t\t\t\tdata-text=\"a:inherit;\"\n\t\t\t\t\t\t\t\tdata-dim=\"w:100%;h:70px;\"\n\t\t\t\t\t\t\t\tdata-basealign=\"slide\"\n\t\t\t\t\t\t\t\tdata-frame_0=\"tp:600;\"\n\t\t\t\t\t\t\t\tdata-frame_1=\"tp:600;sR:10;\"\n\t\t\t\t\t\t\t\tdata-frame_999=\"o:0;tp:600;st:w;sR:690;\"\n\t\t\t\t\t\t\t\tstyle=\"z-index:5;background-color:rgba(0,0,0,0.7);\"\n\t\t\t\t\t\t\t> \n\t\t\t\t\t\t\t<\/rs-layer><!--\n\n\t\t\t\t\t\t\t--><rs-layer\n\t\t\t\t\t\t\t\tid=\"slider-46-slide-127-layer-1\" \n\t\t\t\t\t\t\t\tdata-type=\"text\"\n\t\t\t\t\t\t\t\tdata-color=\"#f2f2d8\"\n\t\t\t\t\t\t\t\tdata-rsp_ch=\"on\"\n\t\t\t\t\t\t\t\tdata-xy=\"x:100px;y:b;yo:30px;\"\n\t\t\t\t\t\t\t\tdata-text=\"s:20;l:22;a:inherit;\"\n\t\t\t\t\t\t\t\tdata-basealign=\"slide\"\n\t\t\t\t\t\t\t\tdata-frame_0=\"tp:600;\"\n\t\t\t\t\t\t\t\tdata-frame_1=\"tp:600;st:0;\"\n\t\t\t\t\t\t\t\tdata-frame_999=\"o:0;tp:600;st:w;sR:700;\"\n\t\t\t\t\t\t\t\tstyle=\"z-index:6;font-family:cambria;font-style:italic;\"\n\t\t\t\t\t\t\t>Manuelles Reinigen und Gl\u00e4tten der Oberfl\u00e4che \n\t\t\t\t\t\t\t<\/rs-layer><!--\n-->\t\t\t\t\t\t<\/rs-slide>\n\t\t\t\t\t\t<rs-slide data-key=\"rs-134\" data-title=\"Slide\" data-thumb=\"\/\/www.carlsbadaqua.com\/wp-content\/uploads\/2017\/10\/13A9432_800_web-100x50.jpg\" data-anim=\"ei:d;eo:d;s:600;r:0;t:fade;sl:d;\">\n\t\t\t\t\t\t\t<img src=\"\/\/www.carlsbadaqua.com\/wp-content\/uploads\/2017\/10\/13A9432_800_web.jpg\" title=\"\u00dcber\" class=\"rev-slidebg\" data-no-retina>\n<!--\n\t\t\t\t\t\t\t--><rs-layer\n\t\t\t\t\t\t\t\tid=\"slider-46-slide-134-layer-2\" \n\t\t\t\t\t\t\t\tclass=\"tp-shape tp-shapewrapper\"\n\t\t\t\t\t\t\t\tdata-type=\"shape\"\n\t\t\t\t\t\t\t\tdata-rsp_ch=\"on\"\n\t\t\t\t\t\t\t\tdata-xy=\"x:c;y:b;\"\n\t\t\t\t\t\t\t\tdata-text=\"a:inherit;\"\n\t\t\t\t\t\t\t\tdata-dim=\"w:100%;h:70px;\"\n\t\t\t\t\t\t\t\tdata-basealign=\"slide\"\n\t\t\t\t\t\t\t\tdata-frame_0=\"tp:600;\"\n\t\t\t\t\t\t\t\tdata-frame_1=\"tp:600;sR:10;\"\n\t\t\t\t\t\t\t\tdata-frame_999=\"o:0;tp:600;st:w;sR:690;\"\n\t\t\t\t\t\t\t\tstyle=\"z-index:5;background-color:rgba(0,0,0,0.7);\"\n\t\t\t\t\t\t\t> \n\t\t\t\t\t\t\t<\/rs-layer><!--\n\n\t\t\t\t\t\t\t--><rs-layer\n\t\t\t\t\t\t\t\tid=\"slider-46-slide-134-layer-1\" \n\t\t\t\t\t\t\t\tdata-type=\"text\"\n\t\t\t\t\t\t\t\tdata-color=\"#f2f2d8\"\n\t\t\t\t\t\t\t\tdata-rsp_ch=\"on\"\n\t\t\t\t\t\t\t\tdata-xy=\"x:100px;y:b;yo:30px;\"\n\t\t\t\t\t\t\t\tdata-text=\"s:20;l:22;a:inherit;\"\n\t\t\t\t\t\t\t\tdata-basealign=\"slide\"\n\t\t\t\t\t\t\t\tdata-frame_0=\"tp:600;\"\n\t\t\t\t\t\t\t\tdata-frame_1=\"tp:600;st:0;\"\n\t\t\t\t\t\t\t\tdata-frame_999=\"o:0;tp:600;st:w;sR:700;\"\n\t\t\t\t\t\t\t\tstyle=\"z-index:6;font-family:cambria;font-style:italic;\"\n\t\t\t\t\t\t\t>\u00dcberpr\u00fcfung des Farbtons der Kerze \n\t\t\t\t\t\t\t<\/rs-layer><!--\n-->\t\t\t\t\t\t<\/rs-slide>\n\t\t\t\t\t\t<rs-slide data-key=\"rs-131\" data-title=\"Slide\" data-thumb=\"\/\/www.carlsbadaqua.com\/wp-content\/uploads\/2017\/10\/13A9529_1080_web-100x50.jpg\" data-anim=\"ei:d;eo:d;s:600;r:0;t:fade;sl:d;\">\n\t\t\t\t\t\t\t<img src=\"\/\/www.carlsbadaqua.com\/wp-content\/uploads\/2017\/10\/13A9529_1080_web.jpg\" title=\"\u00dcber\" class=\"rev-slidebg\" data-no-retina>\n<!--\n\t\t\t\t\t\t\t--><rs-layer\n\t\t\t\t\t\t\t\tid=\"slider-46-slide-131-layer-2\" \n\t\t\t\t\t\t\t\tclass=\"tp-shape tp-shapewrapper\"\n\t\t\t\t\t\t\t\tdata-type=\"shape\"\n\t\t\t\t\t\t\t\tdata-rsp_ch=\"on\"\n\t\t\t\t\t\t\t\tdata-xy=\"x:c;y:b;\"\n\t\t\t\t\t\t\t\tdata-text=\"a:inherit;\"\n\t\t\t\t\t\t\t\tdata-dim=\"w:100%;h:70px;\"\n\t\t\t\t\t\t\t\tdata-basealign=\"slide\"\n\t\t\t\t\t\t\t\tdata-frame_0=\"tp:600;\"\n\t\t\t\t\t\t\t\tdata-frame_1=\"tp:600;sR:10;\"\n\t\t\t\t\t\t\t\tdata-frame_999=\"o:0;tp:600;st:w;sR:690;\"\n\t\t\t\t\t\t\t\tstyle=\"z-index:5;background-color:rgba(0,0,0,0.7);\"\n\t\t\t\t\t\t\t> \n\t\t\t\t\t\t\t<\/rs-layer><!--\n\n\t\t\t\t\t\t\t--><rs-layer\n\t\t\t\t\t\t\t\tid=\"slider-46-slide-131-layer-1\" \n\t\t\t\t\t\t\t\tdata-type=\"text\"\n\t\t\t\t\t\t\t\tdata-color=\"#f2f2d8\"\n\t\t\t\t\t\t\t\tdata-rsp_ch=\"on\"\n\t\t\t\t\t\t\t\tdata-xy=\"x:100px;y:b;yo:30px;\"\n\t\t\t\t\t\t\t\tdata-text=\"s:20;l:22;a:inherit;\"\n\t\t\t\t\t\t\t\tdata-basealign=\"slide\"\n\t\t\t\t\t\t\t\tdata-frame_0=\"tp:600;\"\n\t\t\t\t\t\t\t\tdata-frame_1=\"tp:600;st:0;\"\n\t\t\t\t\t\t\t\tdata-frame_999=\"o:0;tp:600;st:w;sR:700;\"\n\t\t\t\t\t\t\t\tstyle=\"z-index:6;font-family:cambria;font-style:italic;\"\n\t\t\t\t\t\t\t>Handzeichnung \n\t\t\t\t\t\t\t<\/rs-layer><!--\n-->\t\t\t\t\t\t<\/rs-slide>\n\t\t\t\t\t\t<rs-slide data-key=\"rs-132\" data-title=\"Slide\" data-thumb=\"\/\/www.carlsbadaqua.com\/wp-content\/uploads\/2017\/10\/13A9475_800_web-100x50.jpg\" data-anim=\"ei:d;eo:d;s:600;r:0;t:fade;sl:d;\">\n\t\t\t\t\t\t\t<img src=\"\/\/www.carlsbadaqua.com\/wp-content\/uploads\/2017\/10\/13A9475_800_web.jpg\" title=\"\u00dcber\" class=\"rev-slidebg\" data-no-retina>\n<!--\n\t\t\t\t\t\t\t--><rs-layer\n\t\t\t\t\t\t\t\tid=\"slider-46-slide-132-layer-2\" \n\t\t\t\t\t\t\t\tclass=\"tp-shape tp-shapewrapper\"\n\t\t\t\t\t\t\t\tdata-type=\"shape\"\n\t\t\t\t\t\t\t\tdata-rsp_ch=\"on\"\n\t\t\t\t\t\t\t\tdata-xy=\"x:c;y:b;\"\n\t\t\t\t\t\t\t\tdata-text=\"a:inherit;\"\n\t\t\t\t\t\t\t\tdata-dim=\"w:100%;h:70px;\"\n\t\t\t\t\t\t\t\tdata-basealign=\"slide\"\n\t\t\t\t\t\t\t\tdata-frame_0=\"tp:600;\"\n\t\t\t\t\t\t\t\tdata-frame_1=\"tp:600;sR:10;\"\n\t\t\t\t\t\t\t\tdata-frame_999=\"o:0;tp:600;st:w;sR:690;\"\n\t\t\t\t\t\t\t\tstyle=\"z-index:5;background-color:rgba(0,0,0,0.7);\"\n\t\t\t\t\t\t\t> \n\t\t\t\t\t\t\t<\/rs-layer><!--\n\n\t\t\t\t\t\t\t--><rs-layer\n\t\t\t\t\t\t\t\tid=\"slider-46-slide-132-layer-1\" \n\t\t\t\t\t\t\t\tdata-type=\"text\"\n\t\t\t\t\t\t\t\tdata-color=\"#f2f2d8\"\n\t\t\t\t\t\t\t\tdata-rsp_ch=\"on\"\n\t\t\t\t\t\t\t\tdata-xy=\"x:100px;y:b;yo:30px;\"\n\t\t\t\t\t\t\t\tdata-text=\"s:20;l:22;a:inherit;\"\n\t\t\t\t\t\t\t\tdata-basealign=\"slide\"\n\t\t\t\t\t\t\t\tdata-frame_0=\"tp:600;\"\n\t\t\t\t\t\t\t\tdata-frame_1=\"tp:600;st:0;\"\n\t\t\t\t\t\t\t\tdata-frame_999=\"o:0;tp:600;st:w;sR:700;\"\n\t\t\t\t\t\t\t\tstyle=\"z-index:6;font-family:cambria;font-style:italic;\"\n\t\t\t\t\t\t\t>Abschlie\u00dfende Qualit\u00e4tskontrolle \n\t\t\t\t\t\t\t<\/rs-layer><!--\n-->\t\t\t\t\t\t<\/rs-slide>\n\t\t\t\t\t<\/rs-slides>\n\t\t\t\t\t<rs-progress class=\"rs-bottom\" style=\"visibility: hidden !important;\"><\/rs-progress>\n\t\t\t\t<\/rs-module>\n\t\t\t\t<script type=\"text\/javascript\">\n\t\t\t\t\tsetREVStartSize({c: 'rev_slider_46_1',rl:[1240,1024,778,480],el:[],gw:[800],gh:[600],type:'standard',justify:'',layout:'fullwidth',mh:\"600\"});\n\t\t\t\t\tvar\trevapi46,\n\t\t\t\t\t\ttpj;\n\t\t\t\t\tjQuery(function() {\n\t\t\t\t\t\ttpj = jQuery;\n\t\t\t\t\t\tif(tpj(\"#rev_slider_46_1\").revolution == undefined){\n\t\t\t\t\t\t\trevslider_showDoubleJqueryError(\"#rev_slider_46_1\");\n\t\t\t\t\t\t}else{\n\t\t\t\t\t\t\trevapi46 = tpj(\"#rev_slider_46_1\").show().revolution({\n\t\t\t\t\t\t\t\tjsFileLocation:\"\/\/www.carlsbadaqua.com\/wp-content\/plugins\/revslider\/public\/assets\/js\/\",\n\t\t\t\t\t\t\t\tduration:1000,\n\t\t\t\t\t\t\t\tvisibilityLevels:\"1240,1024,778,480\",\n\t\t\t\t\t\t\t\tgridwidth:800,\n\t\t\t\t\t\t\t\tgridheight:600,\n\t\t\t\t\t\t\t\tminHeight:600,\n\t\t\t\t\t\t\t\tautoHeight:true,\n\t\t\t\t\t\t\t\tspinner:\"spinner0\",\n\t\t\t\t\t\t\t\tresponsiveLevels:\"1240,1024,778,480\",\n\t\t\t\t\t\t\t\tdisableProgressBar:\"on\",\n\t\t\t\t\t\t\t\tnavigation: {\n\t\t\t\t\t\t\t\t\tmouseScrollNavigation:false,\n\t\t\t\t\t\t\t\t\tonHoverStop:false,\n\t\t\t\t\t\t\t\t\tarrows: {\n\t\t\t\t\t\t\t\t\t\tenable:true,\n\t\t\t\t\t\t\t\t\t\tstyle:\"uranus\",\n\t\t\t\t\t\t\t\t\t\tleft: {\n\n\t\t\t\t\t\t\t\t\t\t},\n\t\t\t\t\t\t\t\t\t\tright: {\n\n\t\t\t\t\t\t\t\t\t\t}\n\t\t\t\t\t\t\t\t\t}\n\t\t\t\t\t\t\t\t},\n\t\t\t\t\t\t\t\tfallbacks: {\n\t\t\t\t\t\t\t\t\tallowHTML5AutoPlayOnAndroid:true\n\t\t\t\t\t\t\t\t},\n\t\t\t\t\t\t\t});\n\t\t\t\t\t\t}\n\t\t\t\t\t\t\n\t\t\t\t\t});\n\t\t\t\t<\/script>\n\t\t\t\t<script>\n\t\t\t\t\tvar htmlDivCss = unescape(\"%23rev_slider_46_1_wrapper%20.uranus.tparrows%20%7B%0A%20%20width%3A50px%3B%0A%20%20height%3A50px%3B%0A%20%20background%3Argba%28255%2C255%2C255%2C0%29%3B%0A%20%7D%0A%20%23rev_slider_46_1_wrapper%20.uranus.tparrows%3Abefore%20%7B%0A%20width%3A50px%3B%0A%20height%3A50px%3B%0A%20line-height%3A50px%3B%0A%20font-size%3A40px%3B%0A%20transition%3Aall%200.3s%3B%0A-webkit-transition%3Aall%200.3s%3B%0A%20%7D%0A%20%0A%20%20%23rev_slider_46_1_wrapper%20.uranus.tparrows%3Ahover%3Abefore%20%7B%0A%20%20%20%20opacity%3A0.75%3B%0A%20%20%7D%0A\");\n\t\t\t\t\tvar htmlDiv = document.getElementById('rs-plugin-settings-inline-css');\n\t\t\t\t\tif(htmlDiv) {\n\t\t\t\t\t\thtmlDiv.innerHTML = htmlDiv.innerHTML + htmlDivCss;\n\t\t\t\t\t}else{\n\t\t\t\t\t\tvar htmlDiv = document.createElement('div');\n\t\t\t\t\t\thtmlDiv.innerHTML = '<style>' + htmlDivCss + '<\/style>';\n\t\t\t\t\t\tdocument.getElementsByTagName('head')[0].appendChild(htmlDiv.childNodes[0]);\n\t\t\t\t\t}\n\t\t\t\t<\/script>\n\t\t\t\t<script>\n\t\t\t\t\tvar htmlDivCss = unescape(\"%0A%0A%0A%0A%0A%0A%0A%0A\");\n\t\t\t\t\tvar htmlDiv = document.getElementById('rs-plugin-settings-inline-css');\n\t\t\t\t\tif(htmlDiv) {\n\t\t\t\t\t\thtmlDiv.innerHTML = htmlDiv.innerHTML + htmlDivCss;\n\t\t\t\t\t}else{\n\t\t\t\t\t\tvar htmlDiv = document.createElement('div');\n\t\t\t\t\t\thtmlDiv.innerHTML = '<style>' + htmlDivCss + '<\/style>';\n\t\t\t\t\t\tdocument.getElementsByTagName('head')[0].appendChild(htmlDiv.childNodes[0]);\n\t\t\t\t\t}\n\t\t\t\t<\/script>\n\t\t\t<\/rs-module-wrap>\n\t\t\t<!-- END REVOLUTION SLIDER -->\n[vc_empty_space height=&#8220;64px&#8220;][\/vc_column][vc_column width=&#8220;2\/12&#8243;][\/vc_column][\/vc_row][vc_row row_fullwidth=&#8220;1&#8243; css=&#8220;.vc_custom_1507133902649{background-image: url(http:\/\/carlsbadaqua.com\/wp-content\/uploads\/2017\/09\/foto-vintage-about.jpg?id=282) !important;}&#8220; row_min_height=&#8220;1126&#8243;][vc_column width=&#8220;2\/12&#8243;][\/vc_column][vc_column width=&#8220;8\/12&#8243;][vc_column_text]<\/p>\n<p style=\"text-align: center; font-size: 40px; font-family: cambria; color: #67635f;\"><em>Herstellungsverfahren<\/em><\/p>\n<p style=\"text-align: center; font-size: 20px; font-family: cambria; color: #67635f;\">Der aufwendige Herstellungsprozess umfasst Handwerksarbeiten in Dauer von etwa 20 Stunden. Alles beginnt mit der Zubereitung einer idealen Mischung und endet mit der Qualit\u00e4ts\u00fcberpr\u00fcfung des Endproduktes und der Handmalerei mit echten Indigo enthaltenden Farben.<\/p>\n<p>[\/vc_column_text][\/vc_column][vc_column width=&#8220;2\/12&#8243;][\/vc_column][\/vc_row][vc_row css=&#8220;.vc_custom_1508240062894{padding-right: 10px !important;padding-left: 10px !important;background-image: url(http:\/\/carlsbadaqua.com\/wp-content\/uploads\/2017\/09\/pozadi.png?id=85) !important;}&#8220;][vc_column][vc_single_image image=&#8220;534&#8243; img_size=&#8220;full&#8220; alignment=&#8220;center&#8220; css=&#8220;.vc_custom_1508237755328{padding-top: 30px !important;}&#8220;][\/vc_column][\/vc_row][vc_row css=&#8220;.vc_custom_1506712470663{background-color: #000000 !important;}&#8220;][vc_column width=&#8220;2\/3&#8243; css=&#8220;.vc_custom_1506722853931{border-right-width: 1px !important;border-right-color: rgba(72,69,69,0.87) !important;border-right-style: solid !important;}&#8220;][vc_row_inner][vc_column_inner width=&#8220;1\/3&#8243; css=&#8220;.vc_custom_1506715101471{margin-top: 5% !important;}&#8220;][vc_single_image image=&#8220;106&#8243; img_size=&#8220;full&#8220;][\/vc_column_inner][vc_column_inner width=&#8220;1\/3&#8243; css=&#8220;.vc_custom_1506715112219{margin-top: 5% !important;}&#8220;][vc_column_text css=&#8220;.vc_custom_1701205031244{padding-top: 20% !important;}&#8220;]<\/p>\n<p style=\"text-align: center; font-size: 12px;\"><a href=\"http:\/\/carlsbadaqua.com\/de\/bedingungen\/\">BEDINGUNGEN<\/a><\/p>\n<p style=\"text-align: center; font-size: 12px;\"><a href=\"http:\/\/carlsbadaqua.com\/de\/portogebuehr\/\">PORTOGEB\u00dcHR<\/a><\/p>\n<div style=\"text-align: center; padding-top: 30%;\"><a href=\"https:\/\/www.facebook.com\/CarlsbadAqua\"><img decoding=\"async\" loading=\"lazy\" class=\"alignnone wp-image-107\" src=\"http:\/\/carlsbadaqua.com\/wp-content\/uploads\/2017\/09\/facebook.png\" alt=\"\" width=\"40\" height=\"41\" \/><\/a>\u00a0 \u00a0<a href=\"https:\/\/www.instagram.com\/carlsbad_aqua\/?igshid=OGQ5ZDc2ODk2ZA%3D%3D\"><img decoding=\"async\" loading=\"lazy\" class=\"alignnone wp-image-108\" src=\"http:\/\/carlsbadaqua.com\/wp-content\/uploads\/2017\/09\/instagram.png\" alt=\"\" width=\"40\" height=\"41\" \/><\/a><\/div>\n<p>[\/vc_column_text][\/vc_column_inner][vc_column_inner width=&#8220;1\/3&#8243; css=&#8220;.vc_custom_1506715119431{margin-top: 5% !important;}&#8220;][vc_column_text css=&#8220;.vc_custom_1509213109806{padding-top: 20% !important;}&#8220;]<\/p>\n<p style=\"font-size: 12px; text-align: left;\"><a href=\"http:\/\/www.carlsbadaqua.com\/de\/patentiert\/\">PATENTIERT<\/a><\/p>\n<p style=\"font-size: 12px; text-align: left;\"><a href=\"http:\/\/www.carlsbadaqua.com\/de\/kontakte\/\">KONTAKTE<\/a><\/p>\n<p>[\/vc_column_text][\/vc_column_inner][\/vc_row_inner][\/vc_column][\/vc_row][vc_row row_fullwidth=&#8220;1&#8243; row_zero_column_space=&#8220;1&#8243; css=&#8220;.vc_custom_1506721888044{border-top-width: 1px !important;background-color: #000000 !important;border-top-color: #b49169 !important;}&#8220;][vc_column css=&#8220;.vc_custom_1506721786424{margin-top: 5% !important;}&#8220;][vc_column_text css=&#8220;.vc_custom_1508416616322{border-top-width: 1px !important;border-top-color: #b49169 !important;}&#8220;]<\/p>\n<p style=\"text-align: center;\"><span style=\"font-size: 12px; color: #ffffff;\">\u00a9 Copyright 2017. Carlsbad Aqua. All right reserved. Branding &amp; Website by G&amp;H<\/span><\/p>\n<p>[\/vc_column_text][\/vc_column][\/vc_row]<\/p>\n","protected":false},"excerpt":{"rendered":"<p>[vc_row row_fullwidth=&#8220;1&#8243; row_fullheight=&#8220;1&#8243; css=&#8220;.vc_custom_1507133660331{background-color: #fffee2 !important;}&#8220;][vc_column width=&#8220;2\/12&#8243;][\/vc_column][vc_column width=&#8220;8\/12&#8243;][vc_column_text css=&#8220;.vc_custom_1509986261107{padding-top: 10% !important;}&#8220;] HANDARBEIT Der Beginn der Marke Carlsbad Aqua l\u00e4sst sich auf das Jahr 1999 zur\u00fcckdatieren, als ein kleiner Familienmanufakturbetrieb im [&hellip;]<\/p>\n","protected":false},"author":1,"featured_media":0,"parent":0,"menu_order":0,"comment_status":"closed","ping_status":"open","template":"","meta":{"footnotes":""},"_links":{"self":[{"href":"https:\/\/www.carlsbadaqua.com\/de\/wp-json\/wp\/v2\/pages\/1150\/"}],"collection":[{"href":"https:\/\/www.carlsbadaqua.com\/de\/wp-json\/wp\/v2\/pages\/"}],"about":[{"href":"https:\/\/www.carlsbadaqua.com\/de\/wp-json\/wp\/v2\/types\/page\/"}],"author":[{"embeddable":true,"href":"https:\/\/www.carlsbadaqua.com\/de\/wp-json\/wp\/v2\/users\/1\/"}],"replies":[{"embeddable":true,"href":"https:\/\/www.carlsbadaqua.com\/de\/wp-json\/wp\/v2\/comments\/?post=1150"}],"version-history":[{"count":1,"href":"https:\/\/www.carlsbadaqua.com\/de\/wp-json\/wp\/v2\/pages\/1150\/revisions\/"}],"predecessor-version":[{"id":2465,"href":"https:\/\/www.carlsbadaqua.com\/de\/wp-json\/wp\/v2\/pages\/1150\/revisions\/2465\/"}],"wp:attachment":[{"href":"https:\/\/www.carlsbadaqua.com\/de\/wp-json\/wp\/v2\/media\/?parent=1150"}],"curies":[{"name":"wp","href":"https:\/\/api.w.org\/{rel}","templated":true}]}}