{"id":1182,"date":"2017-10-28T01:54:42","date_gmt":"2017-10-27T23:54:42","guid":{"rendered":"http:\/\/www.carlsbadaqua.com\/therapeutische-kerze\/"},"modified":"2023-11-28T22:03:24","modified_gmt":"2023-11-28T21:03:24","slug":"therapeutische-kerze","status":"publish","type":"page","link":"https:\/\/www.carlsbadaqua.com\/de\/therapeutische-kerze\/","title":{"rendered":"Therapeutische Kerze"},"content":{"rendered":"<p>[vc_row row_fullwidth=&#8220;1&#8243; row_zero_column_space=&#8220;1&#8243; row_min_height=&#8220;1389&#8243; css=&#8220;.vc_custom_1506762067948{background-color: #fffee2 !important;}&#8220;][vc_column width=&#8220;2\/12&#8243;][\/vc_column][vc_column width=&#8220;8\/12&#8243;][vc_column_text css=&#8220;.vc_custom_1508260503145{padding-top: 10% !important;}&#8220;]<\/p>\n<p style=\"text-align: center; font-size: 70px; font-family: cambria; color: #67635f;\">CARLSBAD AQUA<\/p>\n<p><img decoding=\"async\" loading=\"lazy\" class=\"wp-image-183 size-full aligncenter\" src=\"http:\/\/carlsbadaqua.com\/wp-content\/uploads\/2017\/09\/vlnovky-ABOUT.png\" alt=\"\" width=\"213\" height=\"32\" \/><\/p>\n<p style=\"text-align: center; font-size: 20px; font-family: cambria; color: #67635f;\">Die therapeutische Kerze Carlsbad Aqua ist die erste Kerze, die das Karlsbader Heilsalz aus den Sprudelquellen enth\u00e4lt. Es handelt sich um eine einzigartige Handarbeit, die Ihr Interieur dekorieren wird.<\/p>\n<p style=\"text-align: center; font-size: 20px; font-family: cambria; color: #67635f;\">Die Herstellung einer Kerze dauert unseren Meistern etwa 20 Stunden, wobei die Endbearbeitung Handmalerei mit speziellen Farben mit Zusatz von echtem Indigo umfasst.<\/p>\n<p>&nbsp;<\/p>\n<p style=\"text-align: center; font-size: 30px; font-family: cambria; color: #67635f;\">Therapeutische Auswirkungen:<\/p>\n<p style=\"text-align: center; font-size: 20px; font-family: cambria; color: #67635f;\">Beim Brennen werden Mikrokristalline von Salz und Mineralstoffen aus dem heilenden Sprudelwasser in die Luft freigesetzt. Bereits 20 Minuten nach dem Anz\u00fcnden der Kerze wird die Luft mit Salz-Mikroteilchen ges\u00e4ttigt, und die Luft duftet nach den Karlsbader Quellen und nat\u00fcrlicher Baumwolle. Das Brennen wirkt sich ebenfalls auf die Reduzierung der Anzahl von Bakterien und Viren in der Luft aus.<\/p>\n<p>[\/vc_column_text][vc_single_image image=&#8220;477&#8243; img_size=&#8220;full&#8220; alignment=&#8220;center&#8220;][vc_empty_space][vc_row_inner][vc_column_inner width=&#8220;1\/2&#8243;][vc_column_text]<\/p>\n<p style=\"text-align: center; font-size: 30px; font-family: cambria; color: #67635f;\">Farbvarianten:<\/p>\n<p style=\"text-align: center; font-size: 20px; font-family: cambria; color: #67635f;\">Die Kerze k\u00f6nnen Sie in zwei Farbt\u00f6nen bestellen, n\u00e4mlich im stilvollen Elfenbein- oder Sonnengelb-Farbton. Jede Kerze wird per Hand verpackt und mit einer Schleife umbunden.<\/p>\n<p>[\/vc_column_text][\/vc_column_inner][vc_column_inner width=&#8220;1\/2&#8243;][vc_column_text]<\/p>\n<p style=\"text-align: center; font-size: 30px; font-family: cambria; color: #67635f;\">Spezifikation:<\/p>\n<p style=\"text-align: center; font-size: 20px; font-family: cambria; color: #67635f;\">H\u00f6he der Kerze ist 14,5 cm, Breite 10,5 cm, Tiefe 10,5 cm. Dank der einzigartigen Rezeptur brennt sie bis zu 80 Stunden.<\/p>\n<p>[\/vc_column_text][\/vc_column_inner][\/vc_row_inner][vc_empty_space][vc_single_image image=&#8220;320&#8243; img_size=&#8220;full&#8220; alignment=&#8220;center&#8220;][vc_empty_space height=&#8220;64px&#8220;][\/vc_column][vc_column width=&#8220;2\/12&#8243;][\/vc_column][\/vc_row][vc_row css=&#8220;.vc_custom_1508240582343{padding-right: 10px !important;padding-left: 10px !important;background-image: url(http:\/\/carlsbadaqua.com\/wp-content\/uploads\/2017\/09\/pozadi.png?id=85) !important;}&#8220;][vc_column][vc_single_image image=&#8220;534&#8243; img_size=&#8220;full&#8220; alignment=&#8220;center&#8220; css=&#8220;.vc_custom_1508238302954{padding-top: 30px !important;}&#8220;][\/vc_column][\/vc_row][vc_row css=&#8220;.vc_custom_1506712470663{background-color: #000000 !important;}&#8220;][vc_column width=&#8220;2\/3&#8243; css=&#8220;.vc_custom_1506722853931{border-right-width: 1px !important;border-right-color: rgba(72,69,69,0.87) !important;border-right-style: solid !important;}&#8220;][vc_row_inner][vc_column_inner width=&#8220;1\/3&#8243; css=&#8220;.vc_custom_1506715101471{margin-top: 5% !important;}&#8220;][vc_single_image image=&#8220;106&#8243; img_size=&#8220;full&#8220;][\/vc_column_inner][vc_column_inner width=&#8220;1\/3&#8243; css=&#8220;.vc_custom_1506715112219{margin-top: 5% !important;}&#8220;][vc_column_text css=&#8220;.vc_custom_1701205399026{padding-top: 20% !important;}&#8220;]<\/p>\n<p style=\"text-align: center; font-size: 12px;\"><a href=\"http:\/\/carlsbadaqua.com\/de\/bedingungen\/\">BEDINGUNGEN<\/a><\/p>\n<p style=\"text-align: center; font-size: 12px;\"><a href=\"http:\/\/carlsbadaqua.com\/de\/portogebuehr\/\">PORTOGEB\u00dcHR<\/a><\/p>\n<div style=\"text-align: center; padding-top: 30%;\"><a href=\"https:\/\/www.facebook.com\/CarlsbadAqua\"><img decoding=\"async\" loading=\"lazy\" class=\"alignnone wp-image-107\" src=\"http:\/\/carlsbadaqua.com\/wp-content\/uploads\/2017\/09\/facebook.png\" alt=\"\" width=\"40\" height=\"41\" \/><\/a>\u00a0 \u00a0<a href=\"https:\/\/www.instagram.com\/carlsbad_aqua\/?igshid=OGQ5ZDc2ODk2ZA%3D%3D\"><img decoding=\"async\" loading=\"lazy\" class=\"alignnone wp-image-108\" src=\"http:\/\/carlsbadaqua.com\/wp-content\/uploads\/2017\/09\/instagram.png\" alt=\"\" width=\"40\" height=\"41\" \/><\/a><\/div>\n<p>[\/vc_column_text][\/vc_column_inner][vc_column_inner width=&#8220;1\/3&#8243; css=&#8220;.vc_custom_1506715119431{margin-top: 5% !important;}&#8220;][vc_column_text css=&#8220;.vc_custom_1509213073010{padding-top: 20% !important;}&#8220;]<\/p>\n<p style=\"font-size: 12px; text-align: left;\"><a href=\"http:\/\/www.carlsbadaqua.com\/de\/patentiert\/\">PATENTIERT<\/a><\/p>\n<p style=\"font-size: 12px; text-align: left;\"><a href=\"http:\/\/www.carlsbadaqua.com\/de\/kontakte\/\">KONTAKTE<\/a><\/p>\n<p>[\/vc_column_text][\/vc_column_inner][\/vc_row_inner][\/vc_column][\/vc_row][vc_row row_fullwidth=&#8220;1&#8243; row_zero_column_space=&#8220;1&#8243; css=&#8220;.vc_custom_1506721888044{border-top-width: 1px !important;background-color: #000000 !important;border-top-color: #b49169 !important;}&#8220;][vc_column css=&#8220;.vc_custom_1506721786424{margin-top: 5% !important;}&#8220;][vc_column_text css=&#8220;.vc_custom_1508416747958{border-top-width: 1px !important;border-top-color: #b49169 !important;}&#8220;]<\/p>\n<p style=\"text-align: center;\"><span style=\"font-size: 12px; color: #ffffff;\">\u00a9 Copyright 2017. Carlsbad Aqua. All right reserved. Branding &amp; Website by G&amp;H<\/span><\/p>\n<p>[\/vc_column_text][\/vc_column][\/vc_row]<\/p>\n","protected":false},"excerpt":{"rendered":"<p>[vc_row row_fullwidth=&#8220;1&#8243; row_zero_column_space=&#8220;1&#8243; row_min_height=&#8220;1389&#8243; css=&#8220;.vc_custom_1506762067948{background-color: #fffee2 !important;}&#8220;][vc_column width=&#8220;2\/12&#8243;][\/vc_column][vc_column width=&#8220;8\/12&#8243;][vc_column_text css=&#8220;.vc_custom_1508260503145{padding-top: 10% !important;}&#8220;] CARLSBAD AQUA Die therapeutische Kerze Carlsbad Aqua ist die erste Kerze, die das Karlsbader Heilsalz aus den Sprudelquellen [&hellip;]<\/p>\n","protected":false},"author":1,"featured_media":0,"parent":0,"menu_order":0,"comment_status":"closed","ping_status":"open","template":"","meta":{"footnotes":""},"_links":{"self":[{"href":"https:\/\/www.carlsbadaqua.com\/de\/wp-json\/wp\/v2\/pages\/1182\/"}],"collection":[{"href":"https:\/\/www.carlsbadaqua.com\/de\/wp-json\/wp\/v2\/pages\/"}],"about":[{"href":"https:\/\/www.carlsbadaqua.com\/de\/wp-json\/wp\/v2\/types\/page\/"}],"author":[{"embeddable":true,"href":"https:\/\/www.carlsbadaqua.com\/de\/wp-json\/wp\/v2\/users\/1\/"}],"replies":[{"embeddable":true,"href":"https:\/\/www.carlsbadaqua.com\/de\/wp-json\/wp\/v2\/comments\/?post=1182"}],"version-history":[{"count":1,"href":"https:\/\/www.carlsbadaqua.com\/de\/wp-json\/wp\/v2\/pages\/1182\/revisions\/"}],"predecessor-version":[{"id":2471,"href":"https:\/\/www.carlsbadaqua.com\/de\/wp-json\/wp\/v2\/pages\/1182\/revisions\/2471\/"}],"wp:attachment":[{"href":"https:\/\/www.carlsbadaqua.com\/de\/wp-json\/wp\/v2\/media\/?parent=1182"}],"curies":[{"name":"wp","href":"https:\/\/api.w.org\/{rel}","templated":true}]}}